{"id":2255,"date":"2025-12-23T14:51:48","date_gmt":"2025-12-23T13:51:48","guid":{"rendered":"https:\/\/hotellamoraleda.es\/?page_id=2255"},"modified":"2026-02-03T15:59:52","modified_gmt":"2026-02-03T14:59:52","slug":"entorno-hotel-moraleda-en-jaen","status":"publish","type":"page","link":"https:\/\/hotellamoraleda.es\/en\/entorno-hotel-moraleda-en-jaen\/","title":{"rendered":"Environment Hotel Moraleda en Jaen"},"content":{"rendered":"\t\t<div data-elementor-type=\"wp-page\" data-elementor-id=\"2255\" class=\"elementor elementor-2255\" data-elementor-post-type=\"page\">\n\t\t\t\t<div class=\"elementor-element elementor-element-40f6892 e-flex e-con-boxed e-con e-parent\" data-id=\"40f6892\" data-element_type=\"container\" data-e-type=\"container\" data-settings=\"{&quot;background_background&quot;:&quot;classic&quot;}\">\n\t\t\t\t\t<div class=\"e-con-inner\">\n\t\t\t\t\t<\/div>\n\t\t\t\t<\/div>\n\t\t<div class=\"elementor-element elementor-element-e4b6ab7 e-flex e-con-boxed e-con e-parent\" data-id=\"e4b6ab7\" data-element_type=\"container\" data-e-type=\"container\" data-settings=\"{&quot;background_background&quot;:&quot;classic&quot;}\">\n\t\t\t\t\t<div class=\"e-con-inner\">\n\t\t\t\t<div class=\"elementor-element elementor-element-7ddfba0 elementor-widget elementor-widget-heading\" data-id=\"7ddfba0\" data-element_type=\"widget\" data-e-type=\"widget\" data-widget_type=\"heading.default\">\n\t\t\t\t\t<h2 class=\"elementor-heading-title elementor-size-default\">ENTORNO<\/h2>\t\t\t\t<\/div>\n\t\t\t\t<div class=\"elementor-element elementor-element-e08b775 elementor-widget elementor-widget-text-editor\" data-id=\"e08b775\" data-element_type=\"widget\" data-e-type=\"widget\" data-widget_type=\"text-editor.default\">\n\t\t\t\t\t\t\t\t\t<p>Naturaleza y relax<\/p>\t\t\t\t\t\t\t\t<\/div>\n\t\t\t\t<div class=\"elementor-element elementor-element-733c067 elementor-widget__width-initial elementor-widget elementor-widget-text-editor\" data-id=\"733c067\" data-element_type=\"widget\" data-e-type=\"widget\" data-widget_type=\"text-editor.default\">\n\t\t\t\t\t\t\t\t\t<p data-start=\"1477\" data-end=\"1849\">Hotel La Moraleda \u2013 Complejo Las Delicias disfruta de una <strong data-start=\"1535\" data-end=\"1610\">excelente ubicaci\u00f3n en la avenida principal de Villanueva del Arzobispo<\/strong>, rodeado de restaurantes, cafeter\u00edas y zonas de ocio. A escasos metros se sit\u00faa el Parque de San Blas, junto a las instalaciones deportivas municipales, y a solo cinco minutos a pie se accede al centro hist\u00f3rico y comercial del municipio.<\/p><p data-start=\"1851\" data-end=\"2313\">Nuestro hotel se encuentra a las <strong data-start=\"1884\" data-end=\"1959\">puertas del Parque Natural de la Sierra de Cazorla, Segura y Las Villas<\/strong>, a unos 30 minutos del coraz\u00f3n de este paraje natural, y a tan solo 25 kil\u00f3metros de <strong data-start=\"2045\" data-end=\"2062\">\u00dabeda y Baeza<\/strong>, dos de las ciudades renacentistas m\u00e1s importantes de Andaluc\u00eda. Un enclave privilegiado para disfrutar del <strong data-start=\"2171\" data-end=\"2238\">turismo rural, cultural y de naturaleza en la provincia de Ja\u00e9n<\/strong>, con la comodidad de alojarse en una ubicaci\u00f3n c\u00e9ntrica y bien comunicada.<\/p>\t\t\t\t\t\t\t\t<\/div>\n\t\t\t\t\t<\/div>\n\t\t\t\t<\/div>\n\t\t<div class=\"elementor-element elementor-element-a753226 e-flex e-con-boxed e-con e-parent\" data-id=\"a753226\" data-element_type=\"container\" data-e-type=\"container\">\n\t\t\t\t\t<div class=\"e-con-inner\">\n\t\t<div class=\"elementor-element elementor-element-dd7c072 e-con-full e-flex e-con e-child\" data-id=\"dd7c072\" data-element_type=\"container\" data-e-type=\"container\">\n\t\t\t\t<div class=\"elementor-element elementor-element-4aa7c53 elementor-cta--layout-image-left elementor-cta--mobile-layout-image-above elementor-cta--skin-classic elementor-animated-content elementor-bg-transform elementor-bg-transform-zoom-in elementor-widget elementor-widget-call-to-action\" data-id=\"4aa7c53\" data-element_type=\"widget\" data-e-type=\"widget\" data-widget_type=\"call-to-action.default\">\n\t\t\t\t\t\t\t<div class=\"elementor-cta\">\n\t\t\t\t\t<div class=\"elementor-cta__bg-wrapper\">\n\t\t\t\t<div class=\"elementor-cta__bg elementor-bg\" style=\"background-image: url(https:\/\/hotellamoraleda.es\/en\/wp-content\/uploads\/sites\/2\/group-of-happy-fit-friends.webp);\" role=\"img\" aria-label=\"group of happy fit friends\"><\/div>\n\t\t\t\t<div class=\"elementor-cta__bg-overlay\"><\/div>\n\t\t\t<\/div>\n\t\t\t\t\t\t\t<div class=\"elementor-cta__content\">\n\t\t\t\t\n\t\t\t\t\t\t\t\t\t<h2 class=\"elementor-cta__title elementor-cta__content-item elementor-content-item\">\n\t\t\t\t\t\tSenderismo\t\t\t\t\t<\/h2>\n\t\t\t\t\n\t\t\t\t\t\t\t\t\t<div class=\"elementor-cta__description elementor-cta__content-item elementor-content-item\">\n\t\t\t\t\t\tRuta de dos d\u00edas de duraci\u00f3n partiendo desde \u00dabeda, que tiene como objetivo recorrer\nlos dominios del Secretario imperial, Francisco de los Cobos, como Adelantado de\nCazorla, y las primeras intervenciones de A. de Vandelvira en tierras de Ja\u00e9n en los\ndominios de la Orden Militar de Santiago en la Sierra de Segura.\t\t\t\t\t<\/div>\n\t\t\t\t\n\t\t\t\t\t\t\t\t\t<div class=\"elementor-cta__button-wrapper elementor-cta__content-item elementor-content-item \">\n\t\t\t\t\t<a class=\"elementor-cta__button elementor-button elementor-size-\" href=\"https:\/\/www.jaenparaisointerior.es\/es\/ruta-de-las-sierras-de-cazorla-segura-y-las-villas\" target=\"_blank\" rel=\"nofollow\">\n\t\t\t\t\t\tVer ruta completa\t\t\t\t\t<\/a>\n\t\t\t\t\t<\/div>\n\t\t\t\t\t\t\t<\/div>\n\t\t\t\t\t\t<\/div>\n\t\t\t\t\t\t<\/div>\n\t\t\t\t<\/div>\n\t\t<div class=\"elementor-element elementor-element-7ebb49a e-con-full e-flex e-con e-child\" data-id=\"7ebb49a\" data-element_type=\"container\" data-e-type=\"container\">\n\t\t\t\t<div class=\"elementor-element elementor-element-a14a782 elementor-cta--layout-image-left elementor-cta--mobile-layout-image-above elementor-cta--valign-top elementor-cta--skin-classic elementor-animated-content elementor-bg-transform elementor-bg-transform-zoom-in elementor-widget elementor-widget-call-to-action\" data-id=\"a14a782\" data-element_type=\"widget\" data-e-type=\"widget\" data-widget_type=\"call-to-action.default\">\n\t\t\t\t\t\t\t<div class=\"elementor-cta\">\n\t\t\t\t\t<div class=\"elementor-cta__bg-wrapper\">\n\t\t\t\t<div class=\"elementor-cta__bg elementor-bg\" style=\"background-image: url(https:\/\/hotellamoraleda.es\/en\/wp-content\/uploads\/sites\/2\/charco-del-aceite-jaen.webp);\" role=\"img\" aria-label=\"charco del aceite jaen\"><\/div>\n\t\t\t\t<div class=\"elementor-cta__bg-overlay\"><\/div>\n\t\t\t<\/div>\n\t\t\t\t\t\t\t<div class=\"elementor-cta__content\">\n\t\t\t\t\n\t\t\t\t\t\t\t\t\t<h2 class=\"elementor-cta__title elementor-cta__content-item elementor-content-item\">\n\t\t\t\t\t\tEL CHARCO DE LA PRINGUE O CHARCO DEL ACEITE\t\t\t\t\t<\/h2>\n\t\t\t\t\n\t\t\t\t\t\t\t\t\t<div class=\"elementor-cta__description elementor-cta__content-item elementor-content-item\">\n\t\t\t\t\t\tEsta \u00e1rea recreativa, situada a 20 km de Villanueva del Arzobispo, cuenta con una piscina natural formada en el cauce del r\u00edo Guadalquivir, equipada con un singular rebosadero de piedra que renueva constantemente el agua y funciona como paso entre ambas orillas. Rodeada de un entorno frondoso de pinares y laderas rocosas, es un lugar ideal para el ba\u00f1o en verano y el contacto con la naturaleza, con servicios como mesas de piedra, asientos, kiosco bar y un mirador sobre grandes bloques p\u00e9treos que ofrece vistas espectaculares del paraje, h\u00e1bitat de la trucha com\u00fan del Parque Natural de Cazorla, Segura y Las Villas y envuelto en una curiosa tradici\u00f3n popular sobre el origen de su nombre.\t\t\t\t\t<\/div>\n\t\t\t\t\n\t\t\t\t\t\t\t\t\t<div class=\"elementor-cta__button-wrapper elementor-cta__content-item elementor-content-item \">\n\t\t\t\t\t<a class=\"elementor-cta__button elementor-button elementor-size-\" href=\"https:\/\/www.jaenparaisointerior.es\/es\/ruta-de-las-sierras-de-cazorla-segura-y-las-villas\" target=\"_blank\" rel=\"nofollow\">\n\t\t\t\t\t\tVer ruta completa\t\t\t\t\t<\/a>\n\t\t\t\t\t<\/div>\n\t\t\t\t\t\t\t<\/div>\n\t\t\t\t\t\t<\/div>\n\t\t\t\t\t\t<\/div>\n\t\t\t\t<\/div>\n\t\t<div class=\"elementor-element elementor-element-f7b6dc1 e-con-full e-flex e-con e-child\" data-id=\"f7b6dc1\" data-element_type=\"container\" data-e-type=\"container\">\n\t\t\t\t<div class=\"elementor-element elementor-element-6e49691 elementor-cta--layout-image-left elementor-cta--mobile-layout-image-above elementor-cta--skin-classic elementor-animated-content elementor-bg-transform elementor-bg-transform-zoom-in elementor-widget elementor-widget-call-to-action\" data-id=\"6e49691\" data-element_type=\"widget\" data-e-type=\"widget\" data-widget_type=\"call-to-action.default\">\n\t\t\t\t\t\t\t<div class=\"elementor-cta\">\n\t\t\t\t\t<div class=\"elementor-cta__bg-wrapper\">\n\t\t\t\t<div class=\"elementor-cta__bg elementor-bg\" style=\"background-image: url(https:\/\/hotellamoraleda.es\/en\/wp-content\/uploads\/sites\/2\/casa-de-los-arcos-jaen.webp);\" role=\"img\" aria-label=\"casa de los arcos jaen\"><\/div>\n\t\t\t\t<div class=\"elementor-cta__bg-overlay\"><\/div>\n\t\t\t<\/div>\n\t\t\t\t\t\t\t<div class=\"elementor-cta__content\">\n\t\t\t\t\n\t\t\t\t\t\t\t\t\t<h2 class=\"elementor-cta__title elementor-cta__content-item elementor-content-item\">\n\t\t\t\t\t\tRutas en Villanueva del arzobispo\t\t\t\t\t<\/h2>\n\t\t\t\t\n\t\t\t\t\t\t\t\t\t<div class=\"elementor-cta__description elementor-cta__content-item elementor-content-item\">\n\t\t\t\t\t\tPuedes recorrer la ciudad a trav\u00e9s de diversas rutas que te acercar\u00e1n a su historia y costumbres. La ruta de Las Casas Solariegas, casas se\u00f1oriales que muestran riqueza hist\u00f3rica y arquitect\u00f3nica y una gran herencia patrimonial; y la ruta Monumental que recorre el Santuario de Ntra. Sra. La Virgen de la Fuensanta, la Plaza de Toros, el Parque San Blas, el casco hist\u00f3rico y m\u00e1s. \t\t\t\t\t<\/div>\n\t\t\t\t\n\t\t\t\t\t\t\t\t\t<div class=\"elementor-cta__button-wrapper elementor-cta__content-item elementor-content-item \">\n\t\t\t\t\t<a class=\"elementor-cta__button elementor-button elementor-size-\" href=\"https:\/\/villanuevadelarzobispo.es\/rutas\/\" target=\"_blank\" rel=\"nofollow\">\n\t\t\t\t\t\tVer rutas\t\t\t\t\t<\/a>\n\t\t\t\t\t<\/div>\n\t\t\t\t\t\t\t<\/div>\n\t\t\t\t\t\t<\/div>\n\t\t\t\t\t\t<\/div>\n\t\t\t\t<\/div>\n\t\t<div class=\"elementor-element elementor-element-130acaf e-con-full e-flex e-con e-child\" data-id=\"130acaf\" data-element_type=\"container\" data-e-type=\"container\">\n\t\t\t\t<div class=\"elementor-element elementor-element-f55724c elementor-cta--layout-image-left elementor-cta--mobile-layout-image-above elementor-cta--skin-classic elementor-animated-content elementor-bg-transform elementor-bg-transform-zoom-in elementor-widget elementor-widget-call-to-action\" data-id=\"f55724c\" data-element_type=\"widget\" data-e-type=\"widget\" data-widget_type=\"call-to-action.default\">\n\t\t\t\t\t\t\t<div class=\"elementor-cta\">\n\t\t\t\t\t<div class=\"elementor-cta__bg-wrapper\">\n\t\t\t\t<div class=\"elementor-cta__bg elementor-bg\" style=\"background-image: url(https:\/\/hotellamoraleda.es\/en\/wp-content\/uploads\/sites\/2\/rutas-caballo.webp);\" role=\"img\" aria-label=\"rutas caballo\"><\/div>\n\t\t\t\t<div class=\"elementor-cta__bg-overlay\"><\/div>\n\t\t\t<\/div>\n\t\t\t\t\t\t\t<div class=\"elementor-cta__content\">\n\t\t\t\t\n\t\t\t\t\t\t\t\t\t<h2 class=\"elementor-cta__title elementor-cta__content-item elementor-content-item\">\n\t\t\t\t\t\tAl aire libre\t\t\t\t\t<\/h2>\n\t\t\t\t\n\t\t\t\t\t\t\t\t\t<div class=\"elementor-cta__description elementor-cta__content-item elementor-content-item\">\n\t\t\t\t\t\tAdem\u00e1s de las rutas culturales y monumentales se pueden practicar todo tipo de actividades en plena naturaleza en el Parque Natural Sierras de Cazorla, Segura y las Villas: Senderismo, rutas a caballo, bicicleta o 4x4, vuelos en parapente, paramotor, aladelta, puenting, rafting entre muchas otras actividades.\t\t\t\t\t<\/div>\n\t\t\t\t\n\t\t\t\t\t\t\t\t\t<div class=\"elementor-cta__button-wrapper elementor-cta__content-item elementor-content-item \">\n\t\t\t\t\t<a class=\"elementor-cta__button elementor-button elementor-size-\" href=\"tel:+34953450388\" target=\"_blank\" rel=\"nofollow\">\n\t\t\t\t\t\tPreg\u00fantanos\t\t\t\t\t<\/a>\n\t\t\t\t\t<\/div>\n\t\t\t\t\t\t\t<\/div>\n\t\t\t\t\t\t<\/div>\n\t\t\t\t\t\t<\/div>\n\t\t\t\t<\/div>\n\t\t\t\t\t<\/div>\n\t\t\t\t<\/div>\n\t\t<div class=\"elementor-element elementor-element-ba941d3 e-flex e-con-boxed e-con e-parent\" data-id=\"ba941d3\" data-element_type=\"container\" data-e-type=\"container\" data-settings=\"{&quot;background_background&quot;:&quot;classic&quot;}\">\n\t\t\t\t\t<div class=\"e-con-inner\">\n\t\t\t\t<div class=\"elementor-element elementor-element-526303a elementor-widget elementor-widget-heading\" data-id=\"526303a\" data-element_type=\"widget\" data-e-type=\"widget\" data-widget_type=\"heading.default\">\n\t\t\t\t\t<h2 class=\"elementor-heading-title elementor-size-default\">Parque Natural <br>Sierra de Cazorla<\/h2>\t\t\t\t<\/div>\n\t\t\t\t\t<\/div>\n\t\t\t\t<\/div>\n\t\t\t\t<\/div>\n\t\t","protected":false},"excerpt":{"rendered":"<p>ENTORNO Naturaleza y relax Hotel La Moraleda \u2013 Complejo Las Delicias disfruta de una excelente ubicaci\u00f3n en la avenida principal de Villanueva del Arzobispo, rodeado de restaurantes, cafeter\u00edas y zonas de ocio. A escasos metros se sit\u00faa el Parque de San Blas, junto a las instalaciones deportivas municipales, y a solo cinco minutos a pie [&hellip;]<\/p>\n","protected":false},"author":1,"featured_media":0,"parent":0,"menu_order":0,"comment_status":"closed","ping_status":"closed","template":"elementor_header_footer","meta":{"footnotes":""},"class_list":["post-2255","page","type-page","status-publish","hentry"],"yoast_head":"<!-- This site is optimized with the Yoast SEO plugin v27.2 - https:\/\/yoast.com\/product\/yoast-seo-wordpress\/ -->\n<title>Environment Hotel Moraleda en Jaen - hotellamoraleda<\/title>\n<meta name=\"description\" content=\"Hotel La Moraleda \u2013 Complejo Las Delicias disfruta de una excelente ubicaci\u00f3n rodeado de restaurantes, cafeter\u00eda y zonas de ocio en Jaen\" \/>\n<meta name=\"robots\" content=\"index, follow, max-snippet:-1, max-image-preview:large, max-video-preview:-1\" \/>\n<link rel=\"canonical\" href=\"https:\/\/hotellamoraleda.es\/en\/entorno-hotel-moraleda-en-jaen\/\" \/>\n<meta property=\"og:locale\" content=\"es_ES\" \/>\n<meta property=\"og:type\" content=\"article\" \/>\n<meta property=\"og:title\" content=\"Environment Hotel Moraleda en Jaen - hotellamoraleda\" \/>\n<meta property=\"og:description\" content=\"Hotel La Moraleda \u2013 Complejo Las Delicias disfruta de una excelente ubicaci\u00f3n rodeado de restaurantes, cafeter\u00eda y zonas de ocio en Jaen\" \/>\n<meta property=\"og:url\" content=\"https:\/\/hotellamoraleda.es\/en\/entorno-hotel-moraleda-en-jaen\/\" \/>\n<meta property=\"og:site_name\" content=\"hotellamoraleda\" \/>\n<meta property=\"article:modified_time\" content=\"2026-02-03T14:59:52+00:00\" \/>\n<meta name=\"twitter:card\" content=\"summary_large_image\" \/>\n<meta name=\"twitter:label1\" content=\"Tiempo de lectura\" \/>\n\t<meta name=\"twitter:data1\" content=\"3 minutos\" \/>\n<script type=\"application\/ld+json\" class=\"yoast-schema-graph\">{\"@context\":\"https:\/\/schema.org\",\"@graph\":[{\"@type\":\"WebPage\",\"@id\":\"https:\/\/hotellamoraleda.es\/en\/entorno-hotel-moraleda-en-jaen\/\",\"url\":\"https:\/\/hotellamoraleda.es\/en\/entorno-hotel-moraleda-en-jaen\/\",\"name\":\"Environment Hotel Moraleda en Jaen - hotellamoraleda\",\"isPartOf\":{\"@id\":\"https:\/\/hotellamoraleda.es\/en\/#website\"},\"datePublished\":\"2025-12-23T13:51:48+00:00\",\"dateModified\":\"2026-02-03T14:59:52+00:00\",\"description\":\"Hotel La Moraleda \u2013 Complejo Las Delicias disfruta de una excelente ubicaci\u00f3n rodeado de restaurantes, cafeter\u00eda y zonas de ocio en Jaen\",\"breadcrumb\":{\"@id\":\"https:\/\/hotellamoraleda.es\/en\/entorno-hotel-moraleda-en-jaen\/#breadcrumb\"},\"inLanguage\":\"es\",\"potentialAction\":[{\"@type\":\"ReadAction\",\"target\":[\"https:\/\/hotellamoraleda.es\/en\/entorno-hotel-moraleda-en-jaen\/\"]}]},{\"@type\":\"BreadcrumbList\",\"@id\":\"https:\/\/hotellamoraleda.es\/en\/entorno-hotel-moraleda-en-jaen\/#breadcrumb\",\"itemListElement\":[{\"@type\":\"ListItem\",\"position\":1,\"name\":\"Portada\",\"item\":\"https:\/\/hotellamoraleda.es\/en\/\"},{\"@type\":\"ListItem\",\"position\":2,\"name\":\"Environment Hotel Moraleda en Jaen\"}]},{\"@type\":\"WebSite\",\"@id\":\"https:\/\/hotellamoraleda.es\/en\/#website\",\"url\":\"https:\/\/hotellamoraleda.es\/en\/\",\"name\":\"hotellamoraleda\",\"description\":\"Hotel en Villanueva del Arzobispo en Jaen\",\"publisher\":{\"@id\":\"https:\/\/hotellamoraleda.es\/en\/#organization\"},\"potentialAction\":[{\"@type\":\"SearchAction\",\"target\":{\"@type\":\"EntryPoint\",\"urlTemplate\":\"https:\/\/hotellamoraleda.es\/en\/?s={search_term_string}\"},\"query-input\":{\"@type\":\"PropertyValueSpecification\",\"valueRequired\":true,\"valueName\":\"search_term_string\"}}],\"inLanguage\":\"es\"},{\"@type\":\"Organization\",\"@id\":\"https:\/\/hotellamoraleda.es\/en\/#organization\",\"name\":\"hotellamoraleda\",\"url\":\"https:\/\/hotellamoraleda.es\/en\/\",\"logo\":{\"@type\":\"ImageObject\",\"inLanguage\":\"es\",\"@id\":\"https:\/\/hotellamoraleda.es\/en\/#\/schema\/logo\/image\/\",\"url\":\"https:\/\/hotellamoraleda.es\/en\/wp-content\/uploads\/sites\/2\/logo_hotel_moraleda.webp\",\"contentUrl\":\"https:\/\/hotellamoraleda.es\/en\/wp-content\/uploads\/sites\/2\/logo_hotel_moraleda.webp\",\"width\":600,\"height\":600,\"caption\":\"hotellamoraleda\"},\"image\":{\"@id\":\"https:\/\/hotellamoraleda.es\/en\/#\/schema\/logo\/image\/\"}}]}<\/script>\n<!-- \/ Yoast SEO plugin. -->","yoast_head_json":{"title":"Environment Hotel Moraleda en Jaen - hotellamoraleda","description":"Hotel La Moraleda \u2013 Complejo Las Delicias disfruta de una excelente ubicaci\u00f3n rodeado de restaurantes, cafeter\u00eda y zonas de ocio en Jaen","robots":{"index":"index","follow":"follow","max-snippet":"max-snippet:-1","max-image-preview":"max-image-preview:large","max-video-preview":"max-video-preview:-1"},"canonical":"https:\/\/hotellamoraleda.es\/en\/entorno-hotel-moraleda-en-jaen\/","og_locale":"es_ES","og_type":"article","og_title":"Environment Hotel Moraleda en Jaen - hotellamoraleda","og_description":"Hotel La Moraleda \u2013 Complejo Las Delicias disfruta de una excelente ubicaci\u00f3n rodeado de restaurantes, cafeter\u00eda y zonas de ocio en Jaen","og_url":"https:\/\/hotellamoraleda.es\/en\/entorno-hotel-moraleda-en-jaen\/","og_site_name":"hotellamoraleda","article_modified_time":"2026-02-03T14:59:52+00:00","twitter_card":"summary_large_image","twitter_misc":{"Tiempo de lectura":"3 minutos"},"schema":{"@context":"https:\/\/schema.org","@graph":[{"@type":"WebPage","@id":"https:\/\/hotellamoraleda.es\/en\/entorno-hotel-moraleda-en-jaen\/","url":"https:\/\/hotellamoraleda.es\/en\/entorno-hotel-moraleda-en-jaen\/","name":"Environment Hotel Moraleda en Jaen - hotellamoraleda","isPartOf":{"@id":"https:\/\/hotellamoraleda.es\/en\/#website"},"datePublished":"2025-12-23T13:51:48+00:00","dateModified":"2026-02-03T14:59:52+00:00","description":"Hotel La Moraleda \u2013 Complejo Las Delicias disfruta de una excelente ubicaci\u00f3n rodeado de restaurantes, cafeter\u00eda y zonas de ocio en Jaen","breadcrumb":{"@id":"https:\/\/hotellamoraleda.es\/en\/entorno-hotel-moraleda-en-jaen\/#breadcrumb"},"inLanguage":"es","potentialAction":[{"@type":"ReadAction","target":["https:\/\/hotellamoraleda.es\/en\/entorno-hotel-moraleda-en-jaen\/"]}]},{"@type":"BreadcrumbList","@id":"https:\/\/hotellamoraleda.es\/en\/entorno-hotel-moraleda-en-jaen\/#breadcrumb","itemListElement":[{"@type":"ListItem","position":1,"name":"Portada","item":"https:\/\/hotellamoraleda.es\/en\/"},{"@type":"ListItem","position":2,"name":"Environment Hotel Moraleda en Jaen"}]},{"@type":"WebSite","@id":"https:\/\/hotellamoraleda.es\/en\/#website","url":"https:\/\/hotellamoraleda.es\/en\/","name":"hotellamoraleda","description":"Hotel en Villanueva del Arzobispo en Jaen","publisher":{"@id":"https:\/\/hotellamoraleda.es\/en\/#organization"},"potentialAction":[{"@type":"SearchAction","target":{"@type":"EntryPoint","urlTemplate":"https:\/\/hotellamoraleda.es\/en\/?s={search_term_string}"},"query-input":{"@type":"PropertyValueSpecification","valueRequired":true,"valueName":"search_term_string"}}],"inLanguage":"es"},{"@type":"Organization","@id":"https:\/\/hotellamoraleda.es\/en\/#organization","name":"hotellamoraleda","url":"https:\/\/hotellamoraleda.es\/en\/","logo":{"@type":"ImageObject","inLanguage":"es","@id":"https:\/\/hotellamoraleda.es\/en\/#\/schema\/logo\/image\/","url":"https:\/\/hotellamoraleda.es\/en\/wp-content\/uploads\/sites\/2\/logo_hotel_moraleda.webp","contentUrl":"https:\/\/hotellamoraleda.es\/en\/wp-content\/uploads\/sites\/2\/logo_hotel_moraleda.webp","width":600,"height":600,"caption":"hotellamoraleda"},"image":{"@id":"https:\/\/hotellamoraleda.es\/en\/#\/schema\/logo\/image\/"}}]}},"_links":{"self":[{"href":"https:\/\/hotellamoraleda.es\/en\/wp-json\/wp\/v2\/pages\/2255","targetHints":{"allow":["GET"]}}],"collection":[{"href":"https:\/\/hotellamoraleda.es\/en\/wp-json\/wp\/v2\/pages"}],"about":[{"href":"https:\/\/hotellamoraleda.es\/en\/wp-json\/wp\/v2\/types\/page"}],"author":[{"embeddable":true,"href":"https:\/\/hotellamoraleda.es\/en\/wp-json\/wp\/v2\/users\/1"}],"replies":[{"embeddable":true,"href":"https:\/\/hotellamoraleda.es\/en\/wp-json\/wp\/v2\/comments?post=2255"}],"version-history":[{"count":2,"href":"https:\/\/hotellamoraleda.es\/en\/wp-json\/wp\/v2\/pages\/2255\/revisions"}],"predecessor-version":[{"id":2757,"href":"https:\/\/hotellamoraleda.es\/en\/wp-json\/wp\/v2\/pages\/2255\/revisions\/2757"}],"wp:attachment":[{"href":"https:\/\/hotellamoraleda.es\/en\/wp-json\/wp\/v2\/media?parent=2255"}],"curies":[{"name":"wp","href":"https:\/\/api.w.org\/{rel}","templated":true}]}}