{"id":137,"date":"2024-07-17T16:02:40","date_gmt":"2024-07-17T14:02:40","guid":{"rendered":"https:\/\/hotellamoraleda.es\/?page_id=137"},"modified":"2026-02-03T17:05:54","modified_gmt":"2026-02-03T16:05:54","slug":"promociones","status":"publish","type":"page","link":"https:\/\/hotellamoraleda.es\/en\/promociones\/","title":{"rendered":"Special offers"},"content":{"rendered":"\t\t<div data-elementor-type=\"wp-page\" data-elementor-id=\"137\" class=\"elementor elementor-137\" data-elementor-post-type=\"page\">\n\t\t\t\t<div class=\"elementor-element elementor-element-7fbccc0 e-flex e-con-boxed e-con e-parent\" data-id=\"7fbccc0\" data-element_type=\"container\" data-e-type=\"container\" data-settings=\"{&quot;background_background&quot;:&quot;classic&quot;}\">\n\t\t\t\t\t<div class=\"e-con-inner\">\n\t\t\t\t\t<\/div>\n\t\t\t\t<\/div>\n\t\t<div class=\"elementor-element elementor-element-14a653a e-flex e-con-boxed e-con e-parent\" data-id=\"14a653a\" data-element_type=\"container\" data-e-type=\"container\" data-settings=\"{&quot;background_background&quot;:&quot;classic&quot;}\">\n\t\t\t\t\t<div class=\"e-con-inner\">\n\t\t\t\t<div class=\"elementor-element elementor-element-a662181 elementor-widget elementor-widget-heading\" data-id=\"a662181\" data-element_type=\"widget\" data-e-type=\"widget\" data-widget_type=\"heading.default\">\n\t\t\t\t\t<h1 class=\"elementor-heading-title elementor-size-default\">Promotions, events and more<\/h1>\t\t\t\t<\/div>\n\t\t\t\t<div class=\"elementor-element elementor-element-1c27515 elementor-widget elementor-widget-text-editor\" data-id=\"1c27515\" data-element_type=\"widget\" data-e-type=\"widget\" data-widget_type=\"text-editor.default\">\n\t\t\t\t\t\t\t\t\t<p>Advantages and news only on our official website<\/p>\t\t\t\t\t\t\t\t<\/div>\n\t\t\t\t<div class=\"elementor-element elementor-element-c8581ae elementor-widget__width-initial elementor-widget elementor-widget-text-editor\" data-id=\"c8581ae\" data-element_type=\"widget\" data-e-type=\"widget\" data-widget_type=\"text-editor.default\">\n\t\t\t\t\t\t\t\t\t<p data-start=\"1477\" data-end=\"1849\">Only on our official website will you find all the events, news and special offers for Hotel La Moraleda Complejo Las Delicias. Stay up to date and don&#8217;t miss out on any events or special offers we have for you.\u00a0<\/p><p data-start=\"1851\" data-end=\"2313\">\u00a0<\/p>\t\t\t\t\t\t\t\t<\/div>\n\t\t\t\t\t<\/div>\n\t\t\t\t<\/div>\n\t\t<div class=\"elementor-element elementor-element-d096649 e-grid e-con-boxed e-con e-child\" data-id=\"d096649\" data-element_type=\"container\" data-e-type=\"container\" data-settings=\"{&quot;background_background&quot;:&quot;classic&quot;}\">\n\t\t\t\t\t<div class=\"e-con-inner\">\n\t\t<div class=\"elementor-element elementor-element-385112f4 e-con-full e-flex e-con e-child\" data-id=\"385112f4\" data-element_type=\"container\" data-e-type=\"container\">\n\t\t\t\t<div class=\"elementor-element elementor-element-715f76e0 elementor-cta--skin-classic elementor-animated-content elementor-bg-transform elementor-bg-transform-zoom-in elementor-widget elementor-widget-call-to-action\" data-id=\"715f76e0\" data-element_type=\"widget\" data-e-type=\"widget\" data-widget_type=\"call-to-action.default\">\n\t\t\t\t\t\t\t<div class=\"elementor-cta\">\n\t\t\t\t\t<div class=\"elementor-cta__bg-wrapper\">\n\t\t\t\t<div class=\"elementor-cta__bg elementor-bg\" style=\"background-image: url(https:\/\/hotellamoraleda.es\/en\/wp-content\/uploads\/sites\/2\/embalaje-de-maletas-y-preparaciones-de-viaje.webp);\" role=\"img\" aria-label=\"embalaje de maletas y preparaciones de viaje\"><\/div>\n\t\t\t\t<div class=\"elementor-cta__bg-overlay\"><\/div>\n\t\t\t<\/div>\n\t\t\t\t\t\t\t<div class=\"elementor-cta__content\">\n\t\t\t\t\n\t\t\t\t\t\t\t\t\t<h2 class=\"elementor-cta__title elementor-cta__content-item elementor-content-item\">\n\t\t\t\t\t\tLong stay\t\t\t\t\t<\/h2>\n\t\t\t\t\n\t\t\t\t\t\t\t\t\t<div class=\"elementor-cta__description elementor-cta__content-item elementor-content-item\">\n\t\t\t\t\t\tIf you stay with us for more than 4 nights, you will receive a <b>5% discount<\/b> on your booking, only on our official website.\t\t\t\t\t<\/div>\n\t\t\t\t\n\t\t\t\t\t\t\t\t\t<div class=\"elementor-cta__button-wrapper elementor-cta__content-item elementor-content-item \">\n\t\t\t\t\t<a class=\"elementor-cta__button elementor-button elementor-size-\" href=\"https:\/\/booking.avirato.com\/?code=15436036&#038;lang=en\" target=\"_blank\">\n\t\t\t\t\t\tBook\t\t\t\t\t<\/a>\n\t\t\t\t\t<\/div>\n\t\t\t\t\t\t\t<\/div>\n\t\t\t\t\t\t<\/div>\n\t\t\t\t\t\t<\/div>\n\t\t\t\t<\/div>\n\t\t<div class=\"elementor-element elementor-element-688fb576 e-con-full e-flex e-con e-child\" data-id=\"688fb576\" data-element_type=\"container\" data-e-type=\"container\">\n\t\t\t\t<div class=\"elementor-element elementor-element-3775dc0e elementor-cta--skin-classic elementor-animated-content elementor-bg-transform elementor-bg-transform-zoom-in elementor-widget elementor-widget-call-to-action\" data-id=\"3775dc0e\" data-element_type=\"widget\" data-e-type=\"widget\" data-widget_type=\"call-to-action.default\">\n\t\t\t\t\t\t\t<div class=\"elementor-cta\">\n\t\t\t\t\t<div class=\"elementor-cta__bg-wrapper\">\n\t\t\t\t<div class=\"elementor-cta__bg elementor-bg\" style=\"background-image: url(https:\/\/hotellamoraleda.es\/en\/wp-content\/uploads\/sites\/2\/reserva-anticipadacomprar.webp);\" role=\"img\" aria-label=\"reserva anticipadacomprar webp\"><\/div>\n\t\t\t\t<div class=\"elementor-cta__bg-overlay\"><\/div>\n\t\t\t<\/div>\n\t\t\t\t\t\t\t<div class=\"elementor-cta__content\">\n\t\t\t\t\n\t\t\t\t\t\t\t\t\t<h2 class=\"elementor-cta__title elementor-cta__content-item elementor-content-item\">\n\t\t\t\t\t\tAdvance booking\t\t\t\t\t<\/h2>\n\t\t\t\t\n\t\t\t\t\t\t\t\t\t<div class=\"elementor-cta__description elementor-cta__content-item elementor-content-item\">\n\t\t\t\t\t\tDid you book your room two months in advance? You get a <b>3% discount<\/b> on your booking for being forward-thinking!\t\t\t\t\t<\/div>\n\t\t\t\t\n\t\t\t\t\t\t\t\t\t<div class=\"elementor-cta__button-wrapper elementor-cta__content-item elementor-content-item \">\n\t\t\t\t\t<a class=\"elementor-cta__button elementor-button elementor-size-\" href=\"https:\/\/booking.avirato.com\/?code=15436036&#038;lang=en\" target=\"_blank\">\n\t\t\t\t\t\tBook\t\t\t\t\t<\/a>\n\t\t\t\t\t<\/div>\n\t\t\t\t\t\t\t<\/div>\n\t\t\t\t\t\t<\/div>\n\t\t\t\t\t\t<\/div>\n\t\t\t\t<\/div>\n\t\t<div class=\"elementor-element elementor-element-47bd661a e-con-full e-flex e-con e-child\" data-id=\"47bd661a\" data-element_type=\"container\" data-e-type=\"container\">\n\t\t\t\t<div class=\"elementor-element elementor-element-6ada8ab1 elementor-cta--skin-classic elementor-animated-content elementor-bg-transform elementor-bg-transform-zoom-in elementor-widget elementor-widget-call-to-action\" data-id=\"6ada8ab1\" data-element_type=\"widget\" data-e-type=\"widget\" data-widget_type=\"call-to-action.default\">\n\t\t\t\t\t\t\t<div class=\"elementor-cta\">\n\t\t\t\t\t<div class=\"elementor-cta__bg-wrapper\">\n\t\t\t\t<div class=\"elementor-cta__bg elementor-bg\" style=\"background-image: url(https:\/\/hotellamoraleda.es\/en\/wp-content\/uploads\/sites\/2\/group-of-friends-strolling-around-the-city-2022-12-16-22-10-33-utc.webp);\" role=\"img\" aria-label=\"group of friends strolling around the city utc webp\"><\/div>\n\t\t\t\t<div class=\"elementor-cta__bg-overlay\"><\/div>\n\t\t\t<\/div>\n\t\t\t\t\t\t\t<div class=\"elementor-cta__content\">\n\t\t\t\t\n\t\t\t\t\t\t\t\t\t<h2 class=\"elementor-cta__title elementor-cta__content-item elementor-content-item\">\n\t\t\t\t\t\tNumber of reservations\t\t\t\t\t<\/h2>\n\t\t\t\t\n\t\t\t\t\t\t\t\t\t<div class=\"elementor-cta__description elementor-cta__content-item elementor-content-item\">\n\t\t\t\t\t\tBook more than two rooms and receive a <b>5% discount<\/b> on your reservation. We look forward to welcoming you!\t\t\t\t\t<\/div>\n\t\t\t\t\n\t\t\t\t\t\t\t\t\t<div class=\"elementor-cta__button-wrapper elementor-cta__content-item elementor-content-item \">\n\t\t\t\t\t<a class=\"elementor-cta__button elementor-button elementor-size-\" href=\"https:\/\/booking.avirato.com\/?code=15436036&#038;lang=en\" target=\"_blank\">\n\t\t\t\t\t\tBook\t\t\t\t\t<\/a>\n\t\t\t\t\t<\/div>\n\t\t\t\t\t\t\t<\/div>\n\t\t\t\t\t\t<\/div>\n\t\t\t\t\t\t<\/div>\n\t\t\t\t<\/div>\n\t\t\t\t\t<\/div>\n\t\t\t\t<\/div>\n\t\t<div class=\"elementor-element elementor-element-a0773c8 e-grid e-con-boxed e-con e-parent\" data-id=\"a0773c8\" data-element_type=\"container\" data-e-type=\"container\" data-settings=\"{&quot;background_background&quot;:&quot;classic&quot;}\">\n\t\t\t\t\t<div class=\"e-con-inner\">\n\t\t<div class=\"elementor-element elementor-element-896d316 e-con-full e-flex e-con e-child\" data-id=\"896d316\" data-element_type=\"container\" data-e-type=\"container\">\n\t\t<div class=\"elementor-element elementor-element-9196c97 e-con-full animated-slow e-flex elementor-invisible e-con e-child\" data-id=\"9196c97\" data-element_type=\"container\" data-e-type=\"container\" data-settings=\"{&quot;background_background&quot;:&quot;classic&quot;,&quot;animation&quot;:&quot;fadeInLeft&quot;}\">\n\t\t\t\t<\/div>\n\t\t\t\t<div class=\"elementor-element elementor-element-acdbf56 elementor-widget elementor-widget-heading\" data-id=\"acdbf56\" data-element_type=\"widget\" data-e-type=\"widget\" data-widget_type=\"heading.default\">\n\t\t\t\t\t<h2 class=\"elementor-heading-title elementor-size-default\"><b>Club<\/b> MORALEDA<\/h2>\t\t\t\t<\/div>\n\t\t\t\t<div class=\"elementor-element elementor-element-3212a81 elementor-widget elementor-widget-text-editor\" data-id=\"3212a81\" data-element_type=\"widget\" data-e-type=\"widget\" data-widget_type=\"text-editor.default\">\n\t\t\t\t\t\t\t\t\tJoin our Loyalty Club and start enjoying exclusive benefits. Every time you book on our official website, you will earn points that you can redeem on your next booking.\nIdeal for our frequent customers: <strong>the more you book, the more you earn<\/strong>.\t\t\t\t\t\t\t\t<\/div>\n\t\t\t\t<div class=\"elementor-element elementor-element-1ea00b0 elementor-mobile-align-center elementor-widget elementor-widget-button\" data-id=\"1ea00b0\" data-element_type=\"widget\" data-e-type=\"widget\" data-widget_type=\"button.default\">\n\t\t\t\t\t\t\t\t\t\t<a class=\"elementor-button elementor-button-link elementor-size-sm\" href=\"https:\/\/booking.avirato.com\/15436036\/loyalty\/accessPoint\" target=\"_blank\">\n\t\t\t\t\t\t<span class=\"elementor-button-content-wrapper\">\n\t\t\t\t\t\t\t\t\t<span class=\"elementor-button-text\">Subscribe!<\/span>\n\t\t\t\t\t<\/span>\n\t\t\t\t\t<\/a>\n\t\t\t\t\t\t\t\t<\/div>\n\t\t\t\t<\/div>\n\t\t<div class=\"elementor-element elementor-element-e530379 e-con-full e-flex e-con e-child\" data-id=\"e530379\" data-element_type=\"container\" data-e-type=\"container\">\n\t\t<div class=\"elementor-element elementor-element-825184f e-con-full animated-slow e-flex e-con e-child\" data-id=\"825184f\" data-element_type=\"container\" data-e-type=\"container\" data-settings=\"{&quot;background_background&quot;:&quot;classic&quot;,&quot;animation&quot;:&quot;none&quot;}\">\n\t\t\t\t<\/div>\n\t\t\t\t<div class=\"elementor-element elementor-element-eb334b1 elementor-widget elementor-widget-heading\" data-id=\"eb334b1\" data-element_type=\"widget\" data-e-type=\"widget\" data-widget_type=\"heading.default\">\n\t\t\t\t\t<h2 class=\"elementor-heading-title elementor-size-default\"><b>Gift<\/b> voucher<\/h2>\t\t\t\t<\/div>\n\t\t\t\t<div class=\"elementor-element elementor-element-46eb445 elementor-widget elementor-widget-text-editor\" data-id=\"46eb445\" data-element_type=\"widget\" data-e-type=\"widget\" data-widget_type=\"text-editor.default\">\n\t\t\t\t\t\t\t\t\t<p data-start=\"342\" data-end=\"418\">The gift voucher at Hotel Moraleja includes a full day at our facilities, lunch and dinner for two people. Relax by our swimming pool and enjoy our culinary offerings.\u00a0<\/p><p data-start=\"342\" data-end=\"418\"><strong>Price: \u20ac180<\/strong><\/p>\t\t\t\t\t\t\t\t<\/div>\n\t\t\t\t<div class=\"elementor-element elementor-element-552d987 elementor-widget elementor-widget-text-editor\" data-id=\"552d987\" data-element_type=\"widget\" data-e-type=\"widget\" data-widget_type=\"text-editor.default\">\n\t\t\t\t\t\t\t\t\t<p><strong>Note:<\/strong> Once you have purchased the Gift Voucher, contact Hotel La Moraleda Complejo Las Delicias to redeem it, subject to availability. The Gift Voucher is valid for 1 year.<\/p>\t\t\t\t\t\t\t\t<\/div>\n\t\t\t\t<div class=\"elementor-element elementor-element-1adc2b6 elementor-mobile-align-center elementor-widget elementor-widget-button\" data-id=\"1adc2b6\" data-element_type=\"widget\" data-e-type=\"widget\" data-widget_type=\"button.default\">\n\t\t\t\t\t\t\t\t\t\t<a class=\"elementor-button elementor-button-link elementor-size-sm\" href=\"https:\/\/shop.avirato.com\/productos?code=15436036\" target=\"_blank\">\n\t\t\t\t\t\t<span class=\"elementor-button-content-wrapper\">\n\t\t\t\t\t\t\t\t\t<span class=\"elementor-button-text\">Buy<\/span>\n\t\t\t\t\t<\/span>\n\t\t\t\t\t<\/a>\n\t\t\t\t\t\t\t\t<\/div>\n\t\t\t\t<\/div>\n\t\t\t\t\t<\/div>\n\t\t\t\t<\/div>\n\t\t<div class=\"elementor-element elementor-element-b6951ac e-flex e-con-boxed e-con e-parent\" data-id=\"b6951ac\" data-element_type=\"container\" data-e-type=\"container\">\n\t\t\t\t\t<div class=\"e-con-inner\">\n\t\t\t\t<div class=\"elementor-element elementor-element-b609925 elementor-widget elementor-widget-heading\" data-id=\"b609925\" data-element_type=\"widget\" data-e-type=\"widget\" data-widget_type=\"heading.default\">\n\t\t\t\t\t<h2 class=\"elementor-heading-title elementor-size-default\">News &amp; <b>events<\/b><\/h2>\t\t\t\t<\/div>\n\t\t\t\t<div class=\"elementor-element elementor-element-b1c4e14 elementor-grid-3 elementor-grid-tablet-2 elementor-grid-mobile-1 elementor-posts--thumbnail-top elementor-widget elementor-widget-posts\" data-id=\"b1c4e14\" data-element_type=\"widget\" data-e-type=\"widget\" data-settings=\"{&quot;classic_columns&quot;:&quot;3&quot;,&quot;classic_columns_tablet&quot;:&quot;2&quot;,&quot;classic_columns_mobile&quot;:&quot;1&quot;,&quot;classic_row_gap&quot;:{&quot;unit&quot;:&quot;px&quot;,&quot;size&quot;:35,&quot;sizes&quot;:[]},&quot;classic_row_gap_laptop&quot;:{&quot;unit&quot;:&quot;px&quot;,&quot;size&quot;:&quot;&quot;,&quot;sizes&quot;:[]},&quot;classic_row_gap_tablet&quot;:{&quot;unit&quot;:&quot;px&quot;,&quot;size&quot;:&quot;&quot;,&quot;sizes&quot;:[]},&quot;classic_row_gap_mobile&quot;:{&quot;unit&quot;:&quot;px&quot;,&quot;size&quot;:&quot;&quot;,&quot;sizes&quot;:[]}}\" data-widget_type=\"posts.classic\">\n\t\t\t\t<div class=\"elementor-widget-container\">\n\t\t\t\t\t\t\t<div class=\"elementor-posts-container elementor-posts elementor-posts--skin-classic elementor-grid\" role=\"list\">\n\t\t\t\t<article class=\"elementor-post elementor-grid-item post-2443 post type-post status-publish format-standard has-post-thumbnail hentry category-blog category-promociones\" role=\"listitem\">\n\t\t\t\t<a class=\"elementor-post__thumbnail__link\" href=\"https:\/\/hotellamoraleda.es\/en\/2025\/12\/24\/ejemplo-2-promocion\/\" tabindex=\"-1\" >\n\t\t\t<div class=\"elementor-post__thumbnail\"><img fetchpriority=\"high\" decoding=\"async\" width=\"828\" height=\"619\" src=\"https:\/\/hotellamoraleda.es\/en\/wp-content\/uploads\/sites\/2\/pedro-el-gitano.webp\" class=\"attachment-medium size-medium wp-image-2445\" alt=\"pedro el gitano\" srcset=\"https:\/\/hotellamoraleda.es\/en\/wp-content\/uploads\/sites\/2\/pedro-el-gitano.webp 828w, https:\/\/hotellamoraleda.es\/en\/wp-content\/uploads\/sites\/2\/pedro-el-gitano-768x574.webp 768w\" sizes=\"(max-width: 828px) 100vw, 828px\" \/><\/div>\n\t\t<\/a>\n\t\t\t\t<div class=\"elementor-post__text\">\n\t\t\t\t<h3 class=\"elementor-post__title\">\n\t\t\t<a href=\"https:\/\/hotellamoraleda.es\/en\/2025\/12\/24\/ejemplo-2-promocion\/\" >\n\t\t\t\tEjemplo 2 promoci\u00f3n\t\t\t<\/a>\n\t\t<\/h3>\n\t\t\t\t<div class=\"elementor-post__meta-data\">\n\t\t\t\t\t<span class=\"elementor-post-date\">\n\t\t\t24 de diciembre de 2025\t\t<\/span>\n\t\t\t\t<span class=\"elementor-post-avatar\">\n\t\t\tNo hay comentarios\t\t<\/span>\n\t\t\t\t<\/div>\n\t\t\t\t<div class=\"elementor-post__excerpt\">\n\t\t\t<p>The standard Lorem Ipsum passage, used since the 1500s \u00abLorem ipsum dolor sit amet, consectetur adipiscing elit, sed do eiusmod tempor incididunt ut labore et dolore magna aliqua. Ut enim ad minim veniam, quis nostrud exercitation ullamco laboris nisi ut<\/p>\n\t\t<\/div>\n\t\t\n\t\t<a class=\"elementor-post__read-more\" href=\"https:\/\/hotellamoraleda.es\/en\/2025\/12\/24\/ejemplo-2-promocion\/\" aria-label=\"M\u00e1s informaci\u00f3n sobre Ejemplo 2 promoci\u00f3n\" tabindex=\"-1\" >\n\t\t\tLeer m\u00e1s \u00bb\t\t<\/a>\n\n\t\t\t\t<\/div>\n\t\t\t\t<\/article>\n\t\t\t\t<article class=\"elementor-post elementor-grid-item post-2439 post type-post status-publish format-standard has-post-thumbnail hentry category-blog category-eventos\" role=\"listitem\">\n\t\t\t\t<a class=\"elementor-post__thumbnail__link\" href=\"https:\/\/hotellamoraleda.es\/en\/2025\/12\/24\/ejemplo-1-evento\/\" tabindex=\"-1\" >\n\t\t\t<div class=\"elementor-post__thumbnail\"><img decoding=\"async\" width=\"600\" height=\"553\" src=\"https:\/\/hotellamoraleda.es\/en\/wp-content\/uploads\/sites\/2\/navidad-complejo.webp\" class=\"attachment-medium size-medium wp-image-2440\" alt=\"navidad complejo\" \/><\/div>\n\t\t<\/a>\n\t\t\t\t<div class=\"elementor-post__text\">\n\t\t\t\t<h3 class=\"elementor-post__title\">\n\t\t\t<a href=\"https:\/\/hotellamoraleda.es\/en\/2025\/12\/24\/ejemplo-1-evento\/\" >\n\t\t\t\tEjemplo 1 evento\t\t\t<\/a>\n\t\t<\/h3>\n\t\t\t\t<div class=\"elementor-post__meta-data\">\n\t\t\t\t\t<span class=\"elementor-post-date\">\n\t\t\t24 de diciembre de 2025\t\t<\/span>\n\t\t\t\t<span class=\"elementor-post-avatar\">\n\t\t\tNo hay comentarios\t\t<\/span>\n\t\t\t\t<\/div>\n\t\t\t\t<div class=\"elementor-post__excerpt\">\n\t\t\t<p>The standard Lorem Ipsum passage, used since the 1500s \u00abLorem ipsum dolor sit amet, consectetur adipiscing elit, sed do eiusmod tempor incididunt ut labore et dolore magna aliqua. Ut enim ad minim veniam, quis nostrud exercitation ullamco laboris nisi ut<\/p>\n\t\t<\/div>\n\t\t\n\t\t<a class=\"elementor-post__read-more\" href=\"https:\/\/hotellamoraleda.es\/en\/2025\/12\/24\/ejemplo-1-evento\/\" aria-label=\"M\u00e1s informaci\u00f3n sobre Ejemplo 1 evento\" tabindex=\"-1\" >\n\t\t\tLeer m\u00e1s \u00bb\t\t<\/a>\n\n\t\t\t\t<\/div>\n\t\t\t\t<\/article>\n\t\t\t\t<\/div>\n\t\t\n\t\t\t\t\t\t<\/div>\n\t\t\t\t<\/div>\n\t\t\t\t\t<\/div>\n\t\t\t\t<\/div>\n\t\t\t\t<\/div>\n\t\t","protected":false},"excerpt":{"rendered":"<p>Promotions, events and more Advantages and news only on our official website Only on our official website will you find all the events, news and special offers for Hotel La Moraleda Complejo Las Delicias. Stay up to date and don&#8217;t miss out on any events or special offers we have for you.\u00a0 \u00a0 Long stay [&hellip;]<\/p>\n","protected":false},"author":1,"featured_media":0,"parent":0,"menu_order":0,"comment_status":"closed","ping_status":"closed","template":"elementor_header_footer","meta":{"footnotes":""},"class_list":["post-137","page","type-page","status-publish","hentry"],"yoast_head":"<!-- This site is optimized with the Yoast SEO plugin v27.2 - https:\/\/yoast.com\/product\/yoast-seo-wordpress\/ -->\n<title>Special offers - hotellamoraleda<\/title>\n<meta name=\"description\" content=\"Solo en nuestra web oficial tendr\u00e1s todos los eventos, noticias y ofertas especiales del Hotel La Moraleda Complejo Las Delicias en Ja\u00e9n.\" \/>\n<meta name=\"robots\" content=\"index, follow, max-snippet:-1, max-image-preview:large, max-video-preview:-1\" \/>\n<link rel=\"canonical\" href=\"https:\/\/hotellamoraleda.es\/en\/promociones\/\" \/>\n<meta property=\"og:locale\" content=\"es_ES\" \/>\n<meta property=\"og:type\" content=\"article\" \/>\n<meta property=\"og:title\" content=\"Special offers - hotellamoraleda\" \/>\n<meta property=\"og:description\" content=\"Solo en nuestra web oficial tendr\u00e1s todos los eventos, noticias y ofertas especiales del Hotel La Moraleda Complejo Las Delicias en Ja\u00e9n.\" \/>\n<meta property=\"og:url\" content=\"https:\/\/hotellamoraleda.es\/en\/promociones\/\" \/>\n<meta property=\"og:site_name\" content=\"hotellamoraleda\" \/>\n<meta property=\"article:modified_time\" content=\"2026-02-03T16:05:54+00:00\" \/>\n<meta name=\"twitter:card\" content=\"summary_large_image\" \/>\n<meta name=\"twitter:label1\" content=\"Tiempo de lectura\" \/>\n\t<meta name=\"twitter:data1\" content=\"2 minutos\" \/>\n<script type=\"application\/ld+json\" class=\"yoast-schema-graph\">{\"@context\":\"https:\/\/schema.org\",\"@graph\":[{\"@type\":\"WebPage\",\"@id\":\"https:\/\/hotellamoraleda.es\/en\/promociones\/\",\"url\":\"https:\/\/hotellamoraleda.es\/en\/promociones\/\",\"name\":\"Special offers - hotellamoraleda\",\"isPartOf\":{\"@id\":\"https:\/\/hotellamoraleda.es\/en\/#website\"},\"datePublished\":\"2024-07-17T14:02:40+00:00\",\"dateModified\":\"2026-02-03T16:05:54+00:00\",\"description\":\"Solo en nuestra web oficial tendr\u00e1s todos los eventos, noticias y ofertas especiales del Hotel La Moraleda Complejo Las Delicias en Ja\u00e9n.\",\"breadcrumb\":{\"@id\":\"https:\/\/hotellamoraleda.es\/en\/promociones\/#breadcrumb\"},\"inLanguage\":\"es\",\"potentialAction\":[{\"@type\":\"ReadAction\",\"target\":[\"https:\/\/hotellamoraleda.es\/en\/promociones\/\"]}]},{\"@type\":\"BreadcrumbList\",\"@id\":\"https:\/\/hotellamoraleda.es\/en\/promociones\/#breadcrumb\",\"itemListElement\":[{\"@type\":\"ListItem\",\"position\":1,\"name\":\"Portada\",\"item\":\"https:\/\/hotellamoraleda.es\/en\/\"},{\"@type\":\"ListItem\",\"position\":2,\"name\":\"Special offers\"}]},{\"@type\":\"WebSite\",\"@id\":\"https:\/\/hotellamoraleda.es\/en\/#website\",\"url\":\"https:\/\/hotellamoraleda.es\/en\/\",\"name\":\"hotellamoraleda\",\"description\":\"Hotel en Villanueva del Arzobispo en Jaen\",\"publisher\":{\"@id\":\"https:\/\/hotellamoraleda.es\/en\/#organization\"},\"potentialAction\":[{\"@type\":\"SearchAction\",\"target\":{\"@type\":\"EntryPoint\",\"urlTemplate\":\"https:\/\/hotellamoraleda.es\/en\/?s={search_term_string}\"},\"query-input\":{\"@type\":\"PropertyValueSpecification\",\"valueRequired\":true,\"valueName\":\"search_term_string\"}}],\"inLanguage\":\"es\"},{\"@type\":\"Organization\",\"@id\":\"https:\/\/hotellamoraleda.es\/en\/#organization\",\"name\":\"hotellamoraleda\",\"url\":\"https:\/\/hotellamoraleda.es\/en\/\",\"logo\":{\"@type\":\"ImageObject\",\"inLanguage\":\"es\",\"@id\":\"https:\/\/hotellamoraleda.es\/en\/#\/schema\/logo\/image\/\",\"url\":\"https:\/\/hotellamoraleda.es\/en\/wp-content\/uploads\/sites\/2\/logo_hotel_moraleda.webp\",\"contentUrl\":\"https:\/\/hotellamoraleda.es\/en\/wp-content\/uploads\/sites\/2\/logo_hotel_moraleda.webp\",\"width\":600,\"height\":600,\"caption\":\"hotellamoraleda\"},\"image\":{\"@id\":\"https:\/\/hotellamoraleda.es\/en\/#\/schema\/logo\/image\/\"}}]}<\/script>\n<!-- \/ Yoast SEO plugin. -->","yoast_head_json":{"title":"Special offers - hotellamoraleda","description":"Solo en nuestra web oficial tendr\u00e1s todos los eventos, noticias y ofertas especiales del Hotel La Moraleda Complejo Las Delicias en Ja\u00e9n.","robots":{"index":"index","follow":"follow","max-snippet":"max-snippet:-1","max-image-preview":"max-image-preview:large","max-video-preview":"max-video-preview:-1"},"canonical":"https:\/\/hotellamoraleda.es\/en\/promociones\/","og_locale":"es_ES","og_type":"article","og_title":"Special offers - hotellamoraleda","og_description":"Solo en nuestra web oficial tendr\u00e1s todos los eventos, noticias y ofertas especiales del Hotel La Moraleda Complejo Las Delicias en Ja\u00e9n.","og_url":"https:\/\/hotellamoraleda.es\/en\/promociones\/","og_site_name":"hotellamoraleda","article_modified_time":"2026-02-03T16:05:54+00:00","twitter_card":"summary_large_image","twitter_misc":{"Tiempo de lectura":"2 minutos"},"schema":{"@context":"https:\/\/schema.org","@graph":[{"@type":"WebPage","@id":"https:\/\/hotellamoraleda.es\/en\/promociones\/","url":"https:\/\/hotellamoraleda.es\/en\/promociones\/","name":"Special offers - hotellamoraleda","isPartOf":{"@id":"https:\/\/hotellamoraleda.es\/en\/#website"},"datePublished":"2024-07-17T14:02:40+00:00","dateModified":"2026-02-03T16:05:54+00:00","description":"Solo en nuestra web oficial tendr\u00e1s todos los eventos, noticias y ofertas especiales del Hotel La Moraleda Complejo Las Delicias en Ja\u00e9n.","breadcrumb":{"@id":"https:\/\/hotellamoraleda.es\/en\/promociones\/#breadcrumb"},"inLanguage":"es","potentialAction":[{"@type":"ReadAction","target":["https:\/\/hotellamoraleda.es\/en\/promociones\/"]}]},{"@type":"BreadcrumbList","@id":"https:\/\/hotellamoraleda.es\/en\/promociones\/#breadcrumb","itemListElement":[{"@type":"ListItem","position":1,"name":"Portada","item":"https:\/\/hotellamoraleda.es\/en\/"},{"@type":"ListItem","position":2,"name":"Special offers"}]},{"@type":"WebSite","@id":"https:\/\/hotellamoraleda.es\/en\/#website","url":"https:\/\/hotellamoraleda.es\/en\/","name":"hotellamoraleda","description":"Hotel en Villanueva del Arzobispo en Jaen","publisher":{"@id":"https:\/\/hotellamoraleda.es\/en\/#organization"},"potentialAction":[{"@type":"SearchAction","target":{"@type":"EntryPoint","urlTemplate":"https:\/\/hotellamoraleda.es\/en\/?s={search_term_string}"},"query-input":{"@type":"PropertyValueSpecification","valueRequired":true,"valueName":"search_term_string"}}],"inLanguage":"es"},{"@type":"Organization","@id":"https:\/\/hotellamoraleda.es\/en\/#organization","name":"hotellamoraleda","url":"https:\/\/hotellamoraleda.es\/en\/","logo":{"@type":"ImageObject","inLanguage":"es","@id":"https:\/\/hotellamoraleda.es\/en\/#\/schema\/logo\/image\/","url":"https:\/\/hotellamoraleda.es\/en\/wp-content\/uploads\/sites\/2\/logo_hotel_moraleda.webp","contentUrl":"https:\/\/hotellamoraleda.es\/en\/wp-content\/uploads\/sites\/2\/logo_hotel_moraleda.webp","width":600,"height":600,"caption":"hotellamoraleda"},"image":{"@id":"https:\/\/hotellamoraleda.es\/en\/#\/schema\/logo\/image\/"}}]}},"_links":{"self":[{"href":"https:\/\/hotellamoraleda.es\/en\/wp-json\/wp\/v2\/pages\/137","targetHints":{"allow":["GET"]}}],"collection":[{"href":"https:\/\/hotellamoraleda.es\/en\/wp-json\/wp\/v2\/pages"}],"about":[{"href":"https:\/\/hotellamoraleda.es\/en\/wp-json\/wp\/v2\/types\/page"}],"author":[{"embeddable":true,"href":"https:\/\/hotellamoraleda.es\/en\/wp-json\/wp\/v2\/users\/1"}],"replies":[{"embeddable":true,"href":"https:\/\/hotellamoraleda.es\/en\/wp-json\/wp\/v2\/comments?post=137"}],"version-history":[{"count":32,"href":"https:\/\/hotellamoraleda.es\/en\/wp-json\/wp\/v2\/pages\/137\/revisions"}],"predecessor-version":[{"id":2843,"href":"https:\/\/hotellamoraleda.es\/en\/wp-json\/wp\/v2\/pages\/137\/revisions\/2843"}],"wp:attachment":[{"href":"https:\/\/hotellamoraleda.es\/en\/wp-json\/wp\/v2\/media?parent=137"}],"curies":[{"name":"wp","href":"https:\/\/api.w.org\/{rel}","templated":true}]}}