{"id":1174,"date":"2025-05-23T09:44:07","date_gmt":"2025-05-23T07:44:07","guid":{"rendered":"https:\/\/hotellamoraleda.es\/?page_id=1174"},"modified":"2025-07-21T17:31:35","modified_gmt":"2025-07-21T15:31:35","slug":"reservar-alojamiento-en","status":"publish","type":"page","link":"https:\/\/hotellamoraleda.es\/en\/reservar-alojamiento-en\/","title":{"rendered":"Reservar alojamiento en&#8230;"},"content":{"rendered":"\t\t<div data-elementor-type=\"wp-page\" data-elementor-id=\"1174\" class=\"elementor elementor-1174\" data-elementor-post-type=\"page\">\n\t\t\t\t<div class=\"elementor-element elementor-element-a7f8e25 e-flex e-con-boxed e-con e-parent\" data-id=\"a7f8e25\" data-element_type=\"container\" data-e-type=\"container\">\n\t\t\t\t\t<div class=\"e-con-inner\">\n\t\t\t\t<div class=\"elementor-element elementor-element-9e9cf1c elementor-widget elementor-widget-theme-site-logo elementor-widget-image\" data-id=\"9e9cf1c\" data-element_type=\"widget\" data-e-type=\"widget\" data-widget_type=\"theme-site-logo.default\">\n\t\t\t\t\t\t\t\t\t\t\t<a href=\"https:\/\/hotellamoraleda.es\/en\">\n\t\t\t<img fetchpriority=\"high\" decoding=\"async\" width=\"600\" height=\"600\" src=\"https:\/\/hotellamoraleda.es\/en\/wp-content\/uploads\/sites\/2\/logo_hotel_moraleda.webp\" class=\"attachment-full size-full wp-image-1705\" alt=\"logo hotel moraleda\" \/>\t\t\t\t<\/a>\n\t\t\t\t\t\t\t\t\t\t\t<\/div>\n\t\t\t\t<div class=\"elementor-element elementor-element-c0f4fd0 elementor-widget elementor-widget-text-editor\" data-id=\"c0f4fd0\" data-element_type=\"widget\" data-e-type=\"widget\" data-widget_type=\"text-editor.default\">\n\t\t\t\t\t\t\t\t\t<p>Si est\u00e1s viendo esta p\u00e1gina, no has accedido correctamente a nuestra central de reservas. Por favor, vuelve a la web, e int\u00e9ntalo de nuevo<\/p>\t\t\t\t\t\t\t\t<\/div>\n\t\t\t\t<div class=\"elementor-element elementor-element-b9d3338 elementor-widget elementor-widget-button\" data-id=\"b9d3338\" data-element_type=\"widget\" data-e-type=\"widget\" data-widget_type=\"button.default\">\n\t\t\t\t\t\t\t\t\t\t<a class=\"elementor-button elementor-button-link elementor-size-sm\" href=\"https:\/\/hotellamoraleda.es\/en\">\n\t\t\t\t\t\t<span class=\"elementor-button-content-wrapper\">\n\t\t\t\t\t\t\t\t\t<span class=\"elementor-button-text\">Ir a la web<\/span>\n\t\t\t\t\t<\/span>\n\t\t\t\t\t<\/a>\n\t\t\t\t\t\t\t\t<\/div>\n\t\t\t\t\t<\/div>\n\t\t\t\t<\/div>\n\t\t\t\t<\/div>\n\t\t","protected":false},"excerpt":{"rendered":"<p>Si est\u00e1s viendo esta p\u00e1gina, no has accedido correctamente a nuestra central de reservas. Por favor, vuelve a la web, e int\u00e9ntalo de nuevo Ir a la web<\/p>\n","protected":false},"author":1,"featured_media":0,"parent":0,"menu_order":0,"comment_status":"closed","ping_status":"closed","template":"elementor_canvas","meta":{"footnotes":""},"class_list":["post-1174","page","type-page","status-publish","hentry"],"yoast_head":"<!-- This site is optimized with the Yoast SEO plugin v27.2 - https:\/\/yoast.com\/product\/yoast-seo-wordpress\/ -->\n<title>Reservar alojamiento en... - hotellamoraleda<\/title>\n<meta name=\"robots\" content=\"index, follow, max-snippet:-1, max-image-preview:large, max-video-preview:-1\" \/>\n<link rel=\"canonical\" href=\"https:\/\/hotellamoraleda.es\/en\/reservar-alojamiento-en\/\" \/>\n<meta property=\"og:locale\" content=\"es_ES\" \/>\n<meta property=\"og:type\" content=\"article\" \/>\n<meta property=\"og:title\" content=\"Reservar alojamiento en... - hotellamoraleda\" \/>\n<meta property=\"og:description\" content=\"Si est\u00e1s viendo esta p\u00e1gina, no has accedido correctamente a nuestra central de reservas. Por favor, vuelve a la web, e int\u00e9ntalo de nuevo Ir a la web\" \/>\n<meta property=\"og:url\" content=\"https:\/\/hotellamoraleda.es\/en\/reservar-alojamiento-en\/\" \/>\n<meta property=\"og:site_name\" content=\"hotellamoraleda\" \/>\n<meta property=\"article:modified_time\" content=\"2025-07-21T15:31:35+00:00\" \/>\n<meta name=\"twitter:card\" content=\"summary_large_image\" \/>\n<script type=\"application\/ld+json\" class=\"yoast-schema-graph\">{\"@context\":\"https:\/\/schema.org\",\"@graph\":[{\"@type\":\"WebPage\",\"@id\":\"https:\/\/hotellamoraleda.es\/en\/reservar-alojamiento-en\/\",\"url\":\"https:\/\/hotellamoraleda.es\/en\/reservar-alojamiento-en\/\",\"name\":\"Reservar alojamiento en... - hotellamoraleda\",\"isPartOf\":{\"@id\":\"https:\/\/hotellamoraleda.es\/en\/#website\"},\"datePublished\":\"2025-05-23T07:44:07+00:00\",\"dateModified\":\"2025-07-21T15:31:35+00:00\",\"breadcrumb\":{\"@id\":\"https:\/\/hotellamoraleda.es\/en\/reservar-alojamiento-en\/#breadcrumb\"},\"inLanguage\":\"es\",\"potentialAction\":[{\"@type\":\"ReadAction\",\"target\":[\"https:\/\/hotellamoraleda.es\/en\/reservar-alojamiento-en\/\"]}]},{\"@type\":\"BreadcrumbList\",\"@id\":\"https:\/\/hotellamoraleda.es\/en\/reservar-alojamiento-en\/#breadcrumb\",\"itemListElement\":[{\"@type\":\"ListItem\",\"position\":1,\"name\":\"Portada\",\"item\":\"https:\/\/hotellamoraleda.es\/en\/\"},{\"@type\":\"ListItem\",\"position\":2,\"name\":\"Reservar alojamiento en&#8230;\"}]},{\"@type\":\"WebSite\",\"@id\":\"https:\/\/hotellamoraleda.es\/en\/#website\",\"url\":\"https:\/\/hotellamoraleda.es\/en\/\",\"name\":\"hotellamoraleda\",\"description\":\"Hotel en Villanueva del Arzobispo en Jaen\",\"publisher\":{\"@id\":\"https:\/\/hotellamoraleda.es\/en\/#organization\"},\"potentialAction\":[{\"@type\":\"SearchAction\",\"target\":{\"@type\":\"EntryPoint\",\"urlTemplate\":\"https:\/\/hotellamoraleda.es\/en\/?s={search_term_string}\"},\"query-input\":{\"@type\":\"PropertyValueSpecification\",\"valueRequired\":true,\"valueName\":\"search_term_string\"}}],\"inLanguage\":\"es\"},{\"@type\":\"Organization\",\"@id\":\"https:\/\/hotellamoraleda.es\/en\/#organization\",\"name\":\"hotellamoraleda\",\"url\":\"https:\/\/hotellamoraleda.es\/en\/\",\"logo\":{\"@type\":\"ImageObject\",\"inLanguage\":\"es\",\"@id\":\"https:\/\/hotellamoraleda.es\/en\/#\/schema\/logo\/image\/\",\"url\":\"https:\/\/hotellamoraleda.es\/en\/wp-content\/uploads\/sites\/2\/logo_hotel_moraleda.webp\",\"contentUrl\":\"https:\/\/hotellamoraleda.es\/en\/wp-content\/uploads\/sites\/2\/logo_hotel_moraleda.webp\",\"width\":600,\"height\":600,\"caption\":\"hotellamoraleda\"},\"image\":{\"@id\":\"https:\/\/hotellamoraleda.es\/en\/#\/schema\/logo\/image\/\"}}]}<\/script>\n<!-- \/ Yoast SEO plugin. -->","yoast_head_json":{"title":"Reservar alojamiento en... - hotellamoraleda","robots":{"index":"index","follow":"follow","max-snippet":"max-snippet:-1","max-image-preview":"max-image-preview:large","max-video-preview":"max-video-preview:-1"},"canonical":"https:\/\/hotellamoraleda.es\/en\/reservar-alojamiento-en\/","og_locale":"es_ES","og_type":"article","og_title":"Reservar alojamiento en... - hotellamoraleda","og_description":"Si est\u00e1s viendo esta p\u00e1gina, no has accedido correctamente a nuestra central de reservas. Por favor, vuelve a la web, e int\u00e9ntalo de nuevo Ir a la web","og_url":"https:\/\/hotellamoraleda.es\/en\/reservar-alojamiento-en\/","og_site_name":"hotellamoraleda","article_modified_time":"2025-07-21T15:31:35+00:00","twitter_card":"summary_large_image","schema":{"@context":"https:\/\/schema.org","@graph":[{"@type":"WebPage","@id":"https:\/\/hotellamoraleda.es\/en\/reservar-alojamiento-en\/","url":"https:\/\/hotellamoraleda.es\/en\/reservar-alojamiento-en\/","name":"Reservar alojamiento en... - hotellamoraleda","isPartOf":{"@id":"https:\/\/hotellamoraleda.es\/en\/#website"},"datePublished":"2025-05-23T07:44:07+00:00","dateModified":"2025-07-21T15:31:35+00:00","breadcrumb":{"@id":"https:\/\/hotellamoraleda.es\/en\/reservar-alojamiento-en\/#breadcrumb"},"inLanguage":"es","potentialAction":[{"@type":"ReadAction","target":["https:\/\/hotellamoraleda.es\/en\/reservar-alojamiento-en\/"]}]},{"@type":"BreadcrumbList","@id":"https:\/\/hotellamoraleda.es\/en\/reservar-alojamiento-en\/#breadcrumb","itemListElement":[{"@type":"ListItem","position":1,"name":"Portada","item":"https:\/\/hotellamoraleda.es\/en\/"},{"@type":"ListItem","position":2,"name":"Reservar alojamiento en&#8230;"}]},{"@type":"WebSite","@id":"https:\/\/hotellamoraleda.es\/en\/#website","url":"https:\/\/hotellamoraleda.es\/en\/","name":"hotellamoraleda","description":"Hotel en Villanueva del Arzobispo en Jaen","publisher":{"@id":"https:\/\/hotellamoraleda.es\/en\/#organization"},"potentialAction":[{"@type":"SearchAction","target":{"@type":"EntryPoint","urlTemplate":"https:\/\/hotellamoraleda.es\/en\/?s={search_term_string}"},"query-input":{"@type":"PropertyValueSpecification","valueRequired":true,"valueName":"search_term_string"}}],"inLanguage":"es"},{"@type":"Organization","@id":"https:\/\/hotellamoraleda.es\/en\/#organization","name":"hotellamoraleda","url":"https:\/\/hotellamoraleda.es\/en\/","logo":{"@type":"ImageObject","inLanguage":"es","@id":"https:\/\/hotellamoraleda.es\/en\/#\/schema\/logo\/image\/","url":"https:\/\/hotellamoraleda.es\/en\/wp-content\/uploads\/sites\/2\/logo_hotel_moraleda.webp","contentUrl":"https:\/\/hotellamoraleda.es\/en\/wp-content\/uploads\/sites\/2\/logo_hotel_moraleda.webp","width":600,"height":600,"caption":"hotellamoraleda"},"image":{"@id":"https:\/\/hotellamoraleda.es\/en\/#\/schema\/logo\/image\/"}}]}},"_links":{"self":[{"href":"https:\/\/hotellamoraleda.es\/en\/wp-json\/wp\/v2\/pages\/1174","targetHints":{"allow":["GET"]}}],"collection":[{"href":"https:\/\/hotellamoraleda.es\/en\/wp-json\/wp\/v2\/pages"}],"about":[{"href":"https:\/\/hotellamoraleda.es\/en\/wp-json\/wp\/v2\/types\/page"}],"author":[{"embeddable":true,"href":"https:\/\/hotellamoraleda.es\/en\/wp-json\/wp\/v2\/users\/1"}],"replies":[{"embeddable":true,"href":"https:\/\/hotellamoraleda.es\/en\/wp-json\/wp\/v2\/comments?post=1174"}],"version-history":[{"count":0,"href":"https:\/\/hotellamoraleda.es\/en\/wp-json\/wp\/v2\/pages\/1174\/revisions"}],"wp:attachment":[{"href":"https:\/\/hotellamoraleda.es\/en\/wp-json\/wp\/v2\/media?parent=1174"}],"curies":[{"name":"wp","href":"https:\/\/api.w.org\/{rel}","templated":true}]}}